{"id":18,"date":"2020-04-03T12:30:14","date_gmt":"2020-04-03T10:30:14","guid":{"rendered":"http:\/\/info-domo.fr\/?page_id=18"},"modified":"2020-06-24T14:11:47","modified_gmt":"2020-06-24T12:11:47","slug":"domotique","status":"publish","type":"page","link":"https:\/\/info-domo.fr\/index.php\/domotique\/","title":{"rendered":"Domotique"},"content":{"rendered":"\t\t<div data-elementor-type=\"wp-page\" data-elementor-id=\"18\" class=\"elementor elementor-18\">\n\t\t\t\t\t\t<div class=\"elementor-inner\">\n\t\t\t\t<div class=\"elementor-section-wrap\">\n\t\t\t\t\t\t\t\t\t<section class=\"elementor-section elementor-top-section elementor-element elementor-element-50fe8a4 elementor-section-stretched elementor-section-boxed elementor-section-height-default elementor-section-height-default\" data-id=\"50fe8a4\" data-element_type=\"section\" data-settings=\"{&quot;stretch_section&quot;:&quot;section-stretched&quot;}\">\n\t\t\t\t\t\t<div class=\"elementor-container elementor-column-gap-default\">\n\t\t\t\t\t\t\t<div class=\"elementor-row\">\n\t\t\t\t\t<div class=\"elementor-column elementor-col-100 elementor-top-column elementor-element elementor-element-f468c7d\" data-id=\"f468c7d\" data-element_type=\"column\">\n\t\t\t<div class=\"elementor-column-wrap elementor-element-populated\">\n\t\t\t\t\t\t\t<div class=\"elementor-widget-wrap\">\n\t\t\t\t\t\t<div class=\"elementor-element elementor-element-3322cb2 elementor-widget elementor-widget-heading\" data-id=\"3322cb2\" data-element_type=\"widget\" data-widget_type=\"heading.default\">\n\t\t\t\t<div class=\"elementor-widget-container\">\n\t\t\t<h2 class=\"elementor-heading-title elementor-size-default\">La domotique, oui mais...<\/h2>\t\t<\/div>\n\t\t\t\t<\/div>\n\t\t\t\t<div class=\"elementor-element elementor-element-36c4e9e elementor-widget elementor-widget-text-editor\" data-id=\"36c4e9e\" data-element_type=\"widget\" data-widget_type=\"text-editor.default\">\n\t\t\t\t<div class=\"elementor-widget-container\">\n\t\t\t\t\t\t\t\t<div class=\"elementor-text-editor elementor-clearfix\">\n\t\t\t\t<p>Objets\u00a0 connect\u00e9s, automatisation de la maison, \u00e9conomie d&rsquo;\u00e9nergie, confort, s\u00e9curit\u00e9&#8230; Tout ceci vous int\u00e9resse mais comment s&rsquo;y retrouver dans tout ce que les fabricants proposent, tous les protocoles disponibles (Zigbee, Zwave, radio, &#8230;) et surtout comment utiliser tout \u00e7a.<\/p><p>La domotique prend enfin l&rsquo;envol que nous attendions depuis environ 20 ans, mais quel bazar&#8230;<br \/>Toutes les grandes marques proposent leur propre solution avec une application smartphone pour chacune d&rsquo;elle et leur fonctionnement est tr\u00e8s souvent bas\u00e9 sur un \u00ab\u00a0cloud\u00a0\u00bb (votre maison est paralys\u00e9e en cas de panne d&rsquo;Internet).<\/p><p>C&rsquo;est pourquoi INFODOMO vous propose d&rsquo;\u00eatre le chef d&rsquo;orchestre de votre installation domotique :<\/p>\t\t\t\t\t<\/div>\n\t\t\t\t\t\t<\/div>\n\t\t\t\t<\/div>\n\t\t\t\t\t\t<\/div>\n\t\t\t\t\t<\/div>\n\t\t<\/div>\n\t\t\t\t\t\t\t\t<\/div>\n\t\t\t\t\t<\/div>\n\t\t<\/section>\n\t\t\t\t<section class=\"elementor-section elementor-top-section elementor-element elementor-element-d09bce4 elementor-section-stretched elementor-section-boxed elementor-section-height-default elementor-section-height-default\" data-id=\"d09bce4\" data-element_type=\"section\" data-settings=\"{&quot;stretch_section&quot;:&quot;section-stretched&quot;}\">\n\t\t\t\t\t\t<div class=\"elementor-container elementor-column-gap-default\">\n\t\t\t\t\t\t\t<div class=\"elementor-row\">\n\t\t\t\t\t<div class=\"elementor-column elementor-col-100 elementor-top-column elementor-element elementor-element-a47a19c\" data-id=\"a47a19c\" data-element_type=\"column\">\n\t\t\t<div class=\"elementor-column-wrap elementor-element-populated\">\n\t\t\t\t\t\t\t<div class=\"elementor-widget-wrap\">\n\t\t\t\t\t\t<section class=\"elementor-section elementor-inner-section elementor-element elementor-element-d184514 elementor-section-boxed elementor-section-height-default elementor-section-height-default\" data-id=\"d184514\" data-element_type=\"section\">\n\t\t\t\t\t\t<div class=\"elementor-container elementor-column-gap-default\">\n\t\t\t\t\t\t\t<div class=\"elementor-row\">\n\t\t\t\t\t<div class=\"elementor-column elementor-col-50 elementor-inner-column elementor-element elementor-element-6402be2\" data-id=\"6402be2\" data-element_type=\"column\">\n\t\t\t<div class=\"elementor-column-wrap elementor-element-populated\">\n\t\t\t\t\t\t\t<div class=\"elementor-widget-wrap\">\n\t\t\t\t\t\t<div class=\"elementor-element elementor-element-0aa1afe elementor-widget elementor-widget-image\" data-id=\"0aa1afe\" data-element_type=\"widget\" data-widget_type=\"image.default\">\n\t\t\t\t<div class=\"elementor-widget-container\">\n\t\t\t\t\t\t\t\t<div class=\"elementor-image\">\n\t\t\t\t\t\t\t\t\t\t\t\t<img width=\"768\" height=\"512\" src=\"https:\/\/info-domo.fr\/wp-content\/uploads\/2020\/04\/smart-home-3574545_960_720-768x512.jpg\" class=\"attachment-medium_large size-medium_large\" alt=\"\" loading=\"lazy\" srcset=\"https:\/\/info-domo.fr\/wp-content\/uploads\/2020\/04\/smart-home-3574545_960_720-768x512.jpg 768w, https:\/\/info-domo.fr\/wp-content\/uploads\/2020\/04\/smart-home-3574545_960_720-300x200.jpg 300w, https:\/\/info-domo.fr\/wp-content\/uploads\/2020\/04\/smart-home-3574545_960_720-830x553.jpg 830w, https:\/\/info-domo.fr\/wp-content\/uploads\/2020\/04\/smart-home-3574545_960_720-230x153.jpg 230w, https:\/\/info-domo.fr\/wp-content\/uploads\/2020\/04\/smart-home-3574545_960_720-350x233.jpg 350w, https:\/\/info-domo.fr\/wp-content\/uploads\/2020\/04\/smart-home-3574545_960_720-480x320.jpg 480w, https:\/\/info-domo.fr\/wp-content\/uploads\/2020\/04\/smart-home-3574545_960_720.jpg 960w\" sizes=\"(max-width: 768px) 100vw, 768px\" \/>\t\t\t\t\t\t\t\t\t\t\t\t\t\t<\/div>\n\t\t\t\t\t\t<\/div>\n\t\t\t\t<\/div>\n\t\t\t\t\t\t<\/div>\n\t\t\t\t\t<\/div>\n\t\t<\/div>\n\t\t\t\t<div class=\"elementor-column elementor-col-50 elementor-inner-column elementor-element elementor-element-9cb2be5\" data-id=\"9cb2be5\" data-element_type=\"column\">\n\t\t\t<div class=\"elementor-column-wrap elementor-element-populated\">\n\t\t\t\t\t\t\t<div class=\"elementor-widget-wrap\">\n\t\t\t\t\t\t<div class=\"elementor-element elementor-element-e28487f elementor-widget elementor-widget-text-editor\" data-id=\"e28487f\" data-element_type=\"widget\" data-widget_type=\"text-editor.default\">\n\t\t\t\t<div class=\"elementor-widget-container\">\n\t\t\t\t\t\t\t\t<div class=\"elementor-text-editor elementor-clearfix\">\n\t\t\t\t<p>Tout d&rsquo;abord, nous d\u00e9finissons ensemble vos besoins, vos souhaits, vos attentes quant \u00e0 l&rsquo;utilisation des diff\u00e9rents automatismes dans votre maison ou appartement.<br \/>C&rsquo;est dans cette \u00e9tape primordiale que nous vous \u00e9couterons avec attention et r\u00e9pondrons \u00e0 toutes vos interrogations.<\/p>\t\t\t\t\t<\/div>\n\t\t\t\t\t\t<\/div>\n\t\t\t\t<\/div>\n\t\t\t\t\t\t<\/div>\n\t\t\t\t\t<\/div>\n\t\t<\/div>\n\t\t\t\t\t\t\t\t<\/div>\n\t\t\t\t\t<\/div>\n\t\t<\/section>\n\t\t\t\t\t\t<\/div>\n\t\t\t\t\t<\/div>\n\t\t<\/div>\n\t\t\t\t\t\t\t\t<\/div>\n\t\t\t\t\t<\/div>\n\t\t<\/section>\n\t\t\t\t<section class=\"elementor-section elementor-top-section elementor-element elementor-element-86c1288 elementor-section-stretched elementor-section-boxed elementor-section-height-default elementor-section-height-default\" data-id=\"86c1288\" data-element_type=\"section\" data-settings=\"{&quot;stretch_section&quot;:&quot;section-stretched&quot;}\">\n\t\t\t\t\t\t<div class=\"elementor-container elementor-column-gap-default\">\n\t\t\t\t\t\t\t<div class=\"elementor-row\">\n\t\t\t\t\t<div class=\"elementor-column elementor-col-100 elementor-top-column elementor-element elementor-element-bc2f993\" data-id=\"bc2f993\" data-element_type=\"column\">\n\t\t\t<div class=\"elementor-column-wrap elementor-element-populated\">\n\t\t\t\t\t\t\t<div class=\"elementor-widget-wrap\">\n\t\t\t\t\t\t<section class=\"elementor-section elementor-inner-section elementor-element elementor-element-68eb60a elementor-section-boxed elementor-section-height-default elementor-section-height-default\" data-id=\"68eb60a\" data-element_type=\"section\">\n\t\t\t\t\t\t<div class=\"elementor-container elementor-column-gap-default\">\n\t\t\t\t\t\t\t<div class=\"elementor-row\">\n\t\t\t\t\t<div class=\"elementor-column elementor-col-50 elementor-inner-column elementor-element elementor-element-62a5636\" data-id=\"62a5636\" data-element_type=\"column\">\n\t\t\t<div class=\"elementor-column-wrap elementor-element-populated\">\n\t\t\t\t\t\t\t<div class=\"elementor-widget-wrap\">\n\t\t\t\t\t\t<div class=\"elementor-element elementor-element-4e3ff73 elementor-widget elementor-widget-text-editor\" data-id=\"4e3ff73\" data-element_type=\"widget\" data-widget_type=\"text-editor.default\">\n\t\t\t\t<div class=\"elementor-widget-container\">\n\t\t\t\t\t\t\t\t<div class=\"elementor-text-editor elementor-clearfix\">\n\t\t\t\t<p>Ensuite, nous r\u00e9alisons l&rsquo;\u00e9tude technique et le chiffrage de votre future installation.<\/p><p>Le syst\u00e8me INFODOMO permet de piocher dans les mat\u00e9riels au meilleur rapport qualit\u00e9\/prix et de les regrouper dans une interface unique totalement ind\u00e9pendante d&rsquo;Internet. Votre installation reste locale et s\u00e9curis\u00e9e mais avec la possibilit\u00e9, bien s\u00fbr, d&rsquo;\u00eatre pilot\u00e9e \u00e0 distance.<\/p>\t\t\t\t\t<\/div>\n\t\t\t\t\t\t<\/div>\n\t\t\t\t<\/div>\n\t\t\t\t\t\t<\/div>\n\t\t\t\t\t<\/div>\n\t\t<\/div>\n\t\t\t\t<div class=\"elementor-column elementor-col-50 elementor-inner-column elementor-element elementor-element-caa56b8\" data-id=\"caa56b8\" data-element_type=\"column\">\n\t\t\t<div class=\"elementor-column-wrap elementor-element-populated\">\n\t\t\t\t\t\t\t<div class=\"elementor-widget-wrap\">\n\t\t\t\t\t\t<div class=\"elementor-element elementor-element-7562dbb elementor-widget elementor-widget-image\" data-id=\"7562dbb\" data-element_type=\"widget\" data-widget_type=\"image.default\">\n\t\t\t\t<div class=\"elementor-widget-container\">\n\t\t\t\t\t\t\t\t<div class=\"elementor-image\">\n\t\t\t\t\t\t\t\t\t\t\t\t<img width=\"960\" height=\"640\" src=\"https:\/\/info-domo.fr\/wp-content\/uploads\/2020\/06\/t_e\u0301tudes-de-conception.jpg\" class=\"attachment-large size-large\" alt=\"\" loading=\"lazy\" srcset=\"https:\/\/info-domo.fr\/wp-content\/uploads\/2020\/06\/t_e\u0301tudes-de-conception.jpg 960w, https:\/\/info-domo.fr\/wp-content\/uploads\/2020\/06\/t_e\u0301tudes-de-conception-300x200.jpg 300w, https:\/\/info-domo.fr\/wp-content\/uploads\/2020\/06\/t_e\u0301tudes-de-conception-768x512.jpg 768w, https:\/\/info-domo.fr\/wp-content\/uploads\/2020\/06\/t_e\u0301tudes-de-conception-830x553.jpg 830w, https:\/\/info-domo.fr\/wp-content\/uploads\/2020\/06\/t_e\u0301tudes-de-conception-230x153.jpg 230w, https:\/\/info-domo.fr\/wp-content\/uploads\/2020\/06\/t_e\u0301tudes-de-conception-350x233.jpg 350w, https:\/\/info-domo.fr\/wp-content\/uploads\/2020\/06\/t_e\u0301tudes-de-conception-480x320.jpg 480w\" sizes=\"(max-width: 960px) 100vw, 960px\" \/>\t\t\t\t\t\t\t\t\t\t\t\t\t\t<\/div>\n\t\t\t\t\t\t<\/div>\n\t\t\t\t<\/div>\n\t\t\t\t\t\t<\/div>\n\t\t\t\t\t<\/div>\n\t\t<\/div>\n\t\t\t\t\t\t\t\t<\/div>\n\t\t\t\t\t<\/div>\n\t\t<\/section>\n\t\t\t\t\t\t<\/div>\n\t\t\t\t\t<\/div>\n\t\t<\/div>\n\t\t\t\t\t\t\t\t<\/div>\n\t\t\t\t\t<\/div>\n\t\t<\/section>\n\t\t\t\t<section class=\"elementor-section elementor-top-section elementor-element elementor-element-6a15264 elementor-section-stretched elementor-section-boxed elementor-section-height-default elementor-section-height-default\" data-id=\"6a15264\" data-element_type=\"section\" data-settings=\"{&quot;stretch_section&quot;:&quot;section-stretched&quot;}\">\n\t\t\t\t\t\t<div class=\"elementor-container elementor-column-gap-default\">\n\t\t\t\t\t\t\t<div class=\"elementor-row\">\n\t\t\t\t\t<div class=\"elementor-column elementor-col-100 elementor-top-column elementor-element elementor-element-1d005e5\" data-id=\"1d005e5\" data-element_type=\"column\">\n\t\t\t<div class=\"elementor-column-wrap elementor-element-populated\">\n\t\t\t\t\t\t\t<div class=\"elementor-widget-wrap\">\n\t\t\t\t\t\t<section class=\"elementor-section elementor-inner-section elementor-element elementor-element-5e86dc5 elementor-section-boxed elementor-section-height-default elementor-section-height-default\" data-id=\"5e86dc5\" data-element_type=\"section\">\n\t\t\t\t\t\t<div class=\"elementor-container elementor-column-gap-default\">\n\t\t\t\t\t\t\t<div class=\"elementor-row\">\n\t\t\t\t\t<div class=\"elementor-column elementor-col-50 elementor-inner-column elementor-element elementor-element-8896039\" data-id=\"8896039\" data-element_type=\"column\">\n\t\t\t<div class=\"elementor-column-wrap elementor-element-populated\">\n\t\t\t\t\t\t\t<div class=\"elementor-widget-wrap\">\n\t\t\t\t\t\t<div class=\"elementor-element elementor-element-5fab45e elementor-widget elementor-widget-image\" data-id=\"5fab45e\" data-element_type=\"widget\" data-widget_type=\"image.default\">\n\t\t\t\t<div class=\"elementor-widget-container\">\n\t\t\t\t\t\t\t\t<div class=\"elementor-image\">\n\t\t\t\t\t\t\t\t\t\t\t\t<img width=\"950\" height=\"535\" src=\"https:\/\/info-domo.fr\/wp-content\/uploads\/2020\/04\/installation-domotique-maison.jpg\" class=\"attachment-large size-large\" alt=\"\" loading=\"lazy\" srcset=\"https:\/\/info-domo.fr\/wp-content\/uploads\/2020\/04\/installation-domotique-maison.jpg 950w, https:\/\/info-domo.fr\/wp-content\/uploads\/2020\/04\/installation-domotique-maison-300x169.jpg 300w, https:\/\/info-domo.fr\/wp-content\/uploads\/2020\/04\/installation-domotique-maison-768x433.jpg 768w, https:\/\/info-domo.fr\/wp-content\/uploads\/2020\/04\/installation-domotique-maison-830x467.jpg 830w, https:\/\/info-domo.fr\/wp-content\/uploads\/2020\/04\/installation-domotique-maison-230x130.jpg 230w, https:\/\/info-domo.fr\/wp-content\/uploads\/2020\/04\/installation-domotique-maison-350x197.jpg 350w, https:\/\/info-domo.fr\/wp-content\/uploads\/2020\/04\/installation-domotique-maison-480x270.jpg 480w\" sizes=\"(max-width: 950px) 100vw, 950px\" \/>\t\t\t\t\t\t\t\t\t\t\t\t\t\t<\/div>\n\t\t\t\t\t\t<\/div>\n\t\t\t\t<\/div>\n\t\t\t\t\t\t<\/div>\n\t\t\t\t\t<\/div>\n\t\t<\/div>\n\t\t\t\t<div class=\"elementor-column elementor-col-50 elementor-inner-column elementor-element elementor-element-b39230c\" data-id=\"b39230c\" data-element_type=\"column\">\n\t\t\t<div class=\"elementor-column-wrap elementor-element-populated\">\n\t\t\t\t\t\t\t<div class=\"elementor-widget-wrap\">\n\t\t\t\t\t\t<div class=\"elementor-element elementor-element-75a4a98 elementor-widget elementor-widget-text-editor\" data-id=\"75a4a98\" data-element_type=\"widget\" data-widget_type=\"text-editor.default\">\n\t\t\t\t<div class=\"elementor-widget-container\">\n\t\t\t\t\t\t\t\t<div class=\"elementor-text-editor elementor-clearfix\">\n\t\t\t\t<p>Pour terminer, nous installons et param\u00e9trons l&rsquo;ensemble du mat\u00e9riel. Nous vous formerons \u00e0 l&rsquo;utilisation de votre nouveau syst\u00e8me domotique pour profiter pleinement de son potentiel.<br \/>Nous proposons aussi un contrat d&rsquo;entretien qui vous permettra de toujours maintenir en bonne sant\u00e9 votre fabuleuse installation.<\/p>\t\t\t\t\t<\/div>\n\t\t\t\t\t\t<\/div>\n\t\t\t\t<\/div>\n\t\t\t\t\t\t<\/div>\n\t\t\t\t\t<\/div>\n\t\t<\/div>\n\t\t\t\t\t\t\t\t<\/div>\n\t\t\t\t\t<\/div>\n\t\t<\/section>\n\t\t\t\t\t\t<\/div>\n\t\t\t\t\t<\/div>\n\t\t<\/div>\n\t\t\t\t\t\t\t\t<\/div>\n\t\t\t\t\t<\/div>\n\t\t<\/section>\n\t\t\t\t<section class=\"elementor-section elementor-top-section elementor-element elementor-element-ef1d5db elementor-section-stretched elementor-section-boxed elementor-section-height-default elementor-section-height-default\" data-id=\"ef1d5db\" data-element_type=\"section\" data-settings=\"{&quot;stretch_section&quot;:&quot;section-stretched&quot;}\">\n\t\t\t\t\t\t<div class=\"elementor-container elementor-column-gap-default\">\n\t\t\t\t\t\t\t<div class=\"elementor-row\">\n\t\t\t\t\t<div class=\"elementor-column elementor-col-100 elementor-top-column elementor-element elementor-element-4ef3f99\" data-id=\"4ef3f99\" data-element_type=\"column\">\n\t\t\t<div class=\"elementor-column-wrap elementor-element-populated\">\n\t\t\t\t\t\t\t<div class=\"elementor-widget-wrap\">\n\t\t\t\t\t\t<div class=\"elementor-element elementor-element-7783d5a elementor-widget elementor-widget-image\" data-id=\"7783d5a\" data-element_type=\"widget\" data-widget_type=\"image.default\">\n\t\t\t\t<div class=\"elementor-widget-container\">\n\t\t\t\t\t\t\t\t<div class=\"elementor-image\">\n\t\t\t\t\t\t\t\t\t\t\t\t\t<a href=\"https:\/\/info-domo.fr\/index.php\/contact\/\">\n\t\t\t\t\t\t\t<img width=\"346\" height=\"146\" src=\"https:\/\/info-domo.fr\/wp-content\/uploads\/2020\/04\/contactez-nous-removebg-preview.png\" class=\"attachment-large size-large\" alt=\"\" loading=\"lazy\" srcset=\"https:\/\/info-domo.fr\/wp-content\/uploads\/2020\/04\/contactez-nous-removebg-preview.png 346w, https:\/\/info-domo.fr\/wp-content\/uploads\/2020\/04\/contactez-nous-removebg-preview-300x127.png 300w, https:\/\/info-domo.fr\/wp-content\/uploads\/2020\/04\/contactez-nous-removebg-preview-230x97.png 230w\" sizes=\"(max-width: 346px) 100vw, 346px\" \/>\t\t\t\t\t\t\t\t<\/a>\n\t\t\t\t\t\t\t\t\t\t\t\t\t\t<\/div>\n\t\t\t\t\t\t<\/div>\n\t\t\t\t<\/div>\n\t\t\t\t\t\t<\/div>\n\t\t\t\t\t<\/div>\n\t\t<\/div>\n\t\t\t\t\t\t\t\t<\/div>\n\t\t\t\t\t<\/div>\n\t\t<\/section>\n\t\t\t\t\t\t\t\t\t<\/div>\n\t\t\t<\/div>\n\t\t\t\t\t<\/div>\n\t\t","protected":false},"excerpt":{"rendered":"<p>La domotique, oui mais&#8230; Objets\u00a0 connect\u00e9s, automatisation de la maison, \u00e9conomie d&rsquo;\u00e9nergie, [&hellip;]<\/p>\n","protected":false},"author":1,"featured_media":0,"parent":0,"menu_order":0,"comment_status":"closed","ping_status":"closed","template":"","meta":[],"yoast_head":"<!-- This site is optimized with the Yoast SEO plugin v18.4.1 - https:\/\/yoast.com\/wordpress\/plugins\/seo\/ -->\n<title>Domotique - INFODOMO<\/title>\n<meta name=\"robots\" content=\"index, follow, max-snippet:-1, max-image-preview:large, max-video-preview:-1\" \/>\n<link rel=\"canonical\" href=\"https:\/\/info-domo.fr\/index.php\/domotique\/\" \/>\n<meta property=\"og:locale\" content=\"fr_FR\" \/>\n<meta property=\"og:type\" content=\"article\" \/>\n<meta property=\"og:title\" content=\"Domotique - INFODOMO\" \/>\n<meta property=\"og:description\" content=\"La domotique, oui mais&#8230; Objets\u00a0 connect\u00e9s, automatisation de la maison, \u00e9conomie d&rsquo;\u00e9nergie, [&hellip;]\" \/>\n<meta property=\"og:url\" content=\"https:\/\/info-domo.fr\/index.php\/domotique\/\" \/>\n<meta property=\"og:site_name\" content=\"INFODOMO\" \/>\n<meta property=\"article:modified_time\" content=\"2020-06-24T12:11:47+00:00\" \/>\n<meta property=\"og:image\" content=\"https:\/\/info-domo.fr\/wp-content\/uploads\/2020\/04\/smart-home-3574545_960_720-768x512.jpg\" \/>\n<meta name=\"twitter:card\" content=\"summary_large_image\" \/>\n<meta name=\"twitter:label1\" content=\"Dur\u00e9e de lecture estim\u00e9e\" \/>\n\t<meta name=\"twitter:data1\" content=\"1 minute\" \/>\n<script type=\"application\/ld+json\" class=\"yoast-schema-graph\">{\"@context\":\"https:\/\/schema.org\",\"@graph\":[{\"@type\":\"WebSite\",\"@id\":\"https:\/\/info-domo.fr\/#website\",\"url\":\"https:\/\/info-domo.fr\/\",\"name\":\"INFODOMO\",\"description\":\"Informatique &amp; Domotique\",\"potentialAction\":[{\"@type\":\"SearchAction\",\"target\":{\"@type\":\"EntryPoint\",\"urlTemplate\":\"https:\/\/info-domo.fr\/?s={search_term_string}\"},\"query-input\":\"required name=search_term_string\"}],\"inLanguage\":\"fr-FR\"},{\"@type\":\"ImageObject\",\"@id\":\"https:\/\/info-domo.fr\/index.php\/domotique\/#primaryimage\",\"inLanguage\":\"fr-FR\",\"url\":\"https:\/\/info-domo.fr\/wp-content\/uploads\/2020\/04\/smart-home-3574545_960_720.jpg\",\"contentUrl\":\"https:\/\/info-domo.fr\/wp-content\/uploads\/2020\/04\/smart-home-3574545_960_720.jpg\",\"width\":960,\"height\":640},{\"@type\":\"WebPage\",\"@id\":\"https:\/\/info-domo.fr\/index.php\/domotique\/#webpage\",\"url\":\"https:\/\/info-domo.fr\/index.php\/domotique\/\",\"name\":\"Domotique - INFODOMO\",\"isPartOf\":{\"@id\":\"https:\/\/info-domo.fr\/#website\"},\"primaryImageOfPage\":{\"@id\":\"https:\/\/info-domo.fr\/index.php\/domotique\/#primaryimage\"},\"datePublished\":\"2020-04-03T10:30:14+00:00\",\"dateModified\":\"2020-06-24T12:11:47+00:00\",\"breadcrumb\":{\"@id\":\"https:\/\/info-domo.fr\/index.php\/domotique\/#breadcrumb\"},\"inLanguage\":\"fr-FR\",\"potentialAction\":[{\"@type\":\"ReadAction\",\"target\":[\"https:\/\/info-domo.fr\/index.php\/domotique\/\"]}]},{\"@type\":\"BreadcrumbList\",\"@id\":\"https:\/\/info-domo.fr\/index.php\/domotique\/#breadcrumb\",\"itemListElement\":[{\"@type\":\"ListItem\",\"position\":1,\"name\":\"Accueil\",\"item\":\"https:\/\/info-domo.fr\/\"},{\"@type\":\"ListItem\",\"position\":2,\"name\":\"Domotique\"}]}]}<\/script>\n<!-- \/ Yoast SEO plugin. -->","yoast_head_json":{"title":"Domotique - INFODOMO","robots":{"index":"index","follow":"follow","max-snippet":"max-snippet:-1","max-image-preview":"max-image-preview:large","max-video-preview":"max-video-preview:-1"},"canonical":"https:\/\/info-domo.fr\/index.php\/domotique\/","og_locale":"fr_FR","og_type":"article","og_title":"Domotique - INFODOMO","og_description":"La domotique, oui mais&#8230; Objets\u00a0 connect\u00e9s, automatisation de la maison, \u00e9conomie d&rsquo;\u00e9nergie, [&hellip;]","og_url":"https:\/\/info-domo.fr\/index.php\/domotique\/","og_site_name":"INFODOMO","article_modified_time":"2020-06-24T12:11:47+00:00","og_image":[{"url":"https:\/\/info-domo.fr\/wp-content\/uploads\/2020\/04\/smart-home-3574545_960_720-768x512.jpg"}],"twitter_card":"summary_large_image","twitter_misc":{"Dur\u00e9e de lecture estim\u00e9e":"1 minute"},"schema":{"@context":"https:\/\/schema.org","@graph":[{"@type":"WebSite","@id":"https:\/\/info-domo.fr\/#website","url":"https:\/\/info-domo.fr\/","name":"INFODOMO","description":"Informatique &amp; Domotique","potentialAction":[{"@type":"SearchAction","target":{"@type":"EntryPoint","urlTemplate":"https:\/\/info-domo.fr\/?s={search_term_string}"},"query-input":"required name=search_term_string"}],"inLanguage":"fr-FR"},{"@type":"ImageObject","@id":"https:\/\/info-domo.fr\/index.php\/domotique\/#primaryimage","inLanguage":"fr-FR","url":"https:\/\/info-domo.fr\/wp-content\/uploads\/2020\/04\/smart-home-3574545_960_720.jpg","contentUrl":"https:\/\/info-domo.fr\/wp-content\/uploads\/2020\/04\/smart-home-3574545_960_720.jpg","width":960,"height":640},{"@type":"WebPage","@id":"https:\/\/info-domo.fr\/index.php\/domotique\/#webpage","url":"https:\/\/info-domo.fr\/index.php\/domotique\/","name":"Domotique - INFODOMO","isPartOf":{"@id":"https:\/\/info-domo.fr\/#website"},"primaryImageOfPage":{"@id":"https:\/\/info-domo.fr\/index.php\/domotique\/#primaryimage"},"datePublished":"2020-04-03T10:30:14+00:00","dateModified":"2020-06-24T12:11:47+00:00","breadcrumb":{"@id":"https:\/\/info-domo.fr\/index.php\/domotique\/#breadcrumb"},"inLanguage":"fr-FR","potentialAction":[{"@type":"ReadAction","target":["https:\/\/info-domo.fr\/index.php\/domotique\/"]}]},{"@type":"BreadcrumbList","@id":"https:\/\/info-domo.fr\/index.php\/domotique\/#breadcrumb","itemListElement":[{"@type":"ListItem","position":1,"name":"Accueil","item":"https:\/\/info-domo.fr\/"},{"@type":"ListItem","position":2,"name":"Domotique"}]}]}},"_links":{"self":[{"href":"https:\/\/info-domo.fr\/index.php\/wp-json\/wp\/v2\/pages\/18"}],"collection":[{"href":"https:\/\/info-domo.fr\/index.php\/wp-json\/wp\/v2\/pages"}],"about":[{"href":"https:\/\/info-domo.fr\/index.php\/wp-json\/wp\/v2\/types\/page"}],"author":[{"embeddable":true,"href":"https:\/\/info-domo.fr\/index.php\/wp-json\/wp\/v2\/users\/1"}],"replies":[{"embeddable":true,"href":"https:\/\/info-domo.fr\/index.php\/wp-json\/wp\/v2\/comments?post=18"}],"version-history":[{"count":14,"href":"https:\/\/info-domo.fr\/index.php\/wp-json\/wp\/v2\/pages\/18\/revisions"}],"predecessor-version":[{"id":163,"href":"https:\/\/info-domo.fr\/index.php\/wp-json\/wp\/v2\/pages\/18\/revisions\/163"}],"wp:attachment":[{"href":"https:\/\/info-domo.fr\/index.php\/wp-json\/wp\/v2\/media?parent=18"}],"curies":[{"name":"wp","href":"https:\/\/api.w.org\/{rel}","templated":true}]}}