{"id":20,"date":"2020-04-03T11:58:02","date_gmt":"2020-04-03T09:58:02","guid":{"rendered":"http:\/\/info-domo.fr\/?page_id=20"},"modified":"2021-05-17T16:27:05","modified_gmt":"2021-05-17T14:27:05","slug":"a-propos","status":"publish","type":"page","link":"https:\/\/info-domo.fr\/","title":{"rendered":"\u00c0 propos"},"content":{"rendered":"\t\t<div data-elementor-type=\"wp-page\" data-elementor-id=\"20\" class=\"elementor elementor-20\">\n\t\t\t\t\t\t<div class=\"elementor-inner\">\n\t\t\t\t<div class=\"elementor-section-wrap\">\n\t\t\t\t\t\t\t\t\t<section class=\"elementor-section elementor-top-section elementor-element elementor-element-7c7ec05 elementor-section-stretched elementor-section-boxed elementor-section-height-default elementor-section-height-default\" data-id=\"7c7ec05\" data-element_type=\"section\" data-settings=\"{&quot;stretch_section&quot;:&quot;section-stretched&quot;}\">\n\t\t\t\t\t\t<div class=\"elementor-container elementor-column-gap-default\">\n\t\t\t\t\t\t\t<div class=\"elementor-row\">\n\t\t\t\t\t<div class=\"elementor-column elementor-col-100 elementor-top-column elementor-element elementor-element-9d5a2ff\" data-id=\"9d5a2ff\" data-element_type=\"column\">\n\t\t\t<div class=\"elementor-column-wrap elementor-element-populated\">\n\t\t\t\t\t\t\t<div class=\"elementor-widget-wrap\">\n\t\t\t\t\t\t<div class=\"elementor-element elementor-element-eb777b7 elementor-widget elementor-widget-image\" data-id=\"eb777b7\" data-element_type=\"widget\" data-widget_type=\"image.default\">\n\t\t\t\t<div class=\"elementor-widget-container\">\n\t\t\t\t\t\t\t\t<div class=\"elementor-image\">\n\t\t\t\t\t\t\t\t\t\t\t\t<img width=\"224\" height=\"225\" src=\"https:\/\/info-domo.fr\/wp-content\/uploads\/2021\/02\/Seb-te\u0302te-new2_PNG.png\" class=\"attachment-large size-large\" alt=\"\" loading=\"lazy\" srcset=\"https:\/\/info-domo.fr\/wp-content\/uploads\/2021\/02\/Seb-te\u0302te-new2_PNG.png 224w, https:\/\/info-domo.fr\/wp-content\/uploads\/2021\/02\/Seb-te\u0302te-new2_PNG-150x150.png 150w\" sizes=\"(max-width: 224px) 100vw, 224px\" \/>\t\t\t\t\t\t\t\t\t\t\t\t\t\t<\/div>\n\t\t\t\t\t\t<\/div>\n\t\t\t\t<\/div>\n\t\t\t\t<div class=\"elementor-element elementor-element-08f18fe elementor-widget elementor-widget-text-editor\" data-id=\"08f18fe\" data-element_type=\"widget\" data-widget_type=\"text-editor.default\">\n\t\t\t\t<div class=\"elementor-widget-container\">\n\t\t\t\t\t\t\t\t<div class=\"elementor-text-editor elementor-clearfix\">\n\t\t\t\t<h5>Le mot de S\u00e9bastien BARONNIER, g\u00e9rant d&rsquo;INFODOMO :<\/h5><div><br><\/div>\t\t\t\t\t<\/div>\n\t\t\t\t\t\t<\/div>\n\t\t\t\t<\/div>\n\t\t\t\t\t\t<\/div>\n\t\t\t\t\t<\/div>\n\t\t<\/div>\n\t\t\t\t\t\t\t\t<\/div>\n\t\t\t\t\t<\/div>\n\t\t<\/section>\n\t\t\t\t<section class=\"elementor-section elementor-top-section elementor-element elementor-element-870da37 elementor-section-stretched elementor-section-boxed elementor-section-height-default elementor-section-height-default\" data-id=\"870da37\" data-element_type=\"section\" data-settings=\"{&quot;stretch_section&quot;:&quot;section-stretched&quot;}\">\n\t\t\t\t\t\t<div class=\"elementor-container elementor-column-gap-default\">\n\t\t\t\t\t\t\t<div class=\"elementor-row\">\n\t\t\t\t\t<div class=\"elementor-column elementor-col-100 elementor-top-column elementor-element elementor-element-bef0748\" data-id=\"bef0748\" data-element_type=\"column\">\n\t\t\t<div class=\"elementor-column-wrap elementor-element-populated\">\n\t\t\t\t\t\t\t<div class=\"elementor-widget-wrap\">\n\t\t\t\t\t\t<div class=\"elementor-element elementor-element-81c2537 elementor-widget elementor-widget-heading\" data-id=\"81c2537\" data-element_type=\"widget\" data-widget_type=\"heading.default\">\n\t\t\t\t<div class=\"elementor-widget-container\">\n\t\t\t<h2 class=\"elementor-heading-title elementor-size-default\">Entretenez votre ordinateur !!<\/h2>\t\t<\/div>\n\t\t\t\t<\/div>\n\t\t\t\t<div class=\"elementor-element elementor-element-4a9be2c elementor-widget elementor-widget-text-editor\" data-id=\"4a9be2c\" data-element_type=\"widget\" data-widget_type=\"text-editor.default\">\n\t\t\t\t<div class=\"elementor-widget-container\">\n\t\t\t\t\t\t\t\t<div class=\"elementor-text-editor elementor-clearfix\">\n\t\t\t\t\t\t\t\t\t<\/div>\n\t\t\t\t\t\t<\/div>\n\t\t\t\t<\/div>\n\t\t\t\t\t\t<\/div>\n\t\t\t\t\t<\/div>\n\t\t<\/div>\n\t\t\t\t\t\t\t\t<\/div>\n\t\t\t\t\t<\/div>\n\t\t<\/section>\n\t\t\t\t<section class=\"elementor-section elementor-top-section elementor-element elementor-element-c054335 elementor-section-stretched elementor-section-boxed elementor-section-height-default elementor-section-height-default\" data-id=\"c054335\" data-element_type=\"section\" data-settings=\"{&quot;stretch_section&quot;:&quot;section-stretched&quot;}\">\n\t\t\t\t\t\t<div class=\"elementor-container elementor-column-gap-default\">\n\t\t\t\t\t\t\t<div class=\"elementor-row\">\n\t\t\t\t\t<div class=\"elementor-column elementor-col-50 elementor-top-column elementor-element elementor-element-24089ad\" data-id=\"24089ad\" data-element_type=\"column\">\n\t\t\t<div class=\"elementor-column-wrap elementor-element-populated\">\n\t\t\t\t\t\t\t<div class=\"elementor-widget-wrap\">\n\t\t\t\t\t\t<div class=\"elementor-element elementor-element-d5566ef elementor-widget elementor-widget-image\" data-id=\"d5566ef\" data-element_type=\"widget\" data-widget_type=\"image.default\">\n\t\t\t\t<div class=\"elementor-widget-container\">\n\t\t\t\t\t\t\t\t<div class=\"elementor-image\">\n\t\t\t\t\t\t\t\t\t\t\t\t<img width=\"1024\" height=\"724\" src=\"https:\/\/info-domo.fr\/wp-content\/uploads\/2021\/05\/entretien-pc-1024x724.jpg\" class=\"attachment-large size-large\" alt=\"\" loading=\"lazy\" srcset=\"https:\/\/info-domo.fr\/wp-content\/uploads\/2021\/05\/entretien-pc-1024x724.jpg 1024w, https:\/\/info-domo.fr\/wp-content\/uploads\/2021\/05\/entretien-pc-300x212.jpg 300w, https:\/\/info-domo.fr\/wp-content\/uploads\/2021\/05\/entretien-pc-768x543.jpg 768w, https:\/\/info-domo.fr\/wp-content\/uploads\/2021\/05\/entretien-pc-1536x1086.jpg 1536w, https:\/\/info-domo.fr\/wp-content\/uploads\/2021\/05\/entretien-pc-830x587.jpg 830w, https:\/\/info-domo.fr\/wp-content\/uploads\/2021\/05\/entretien-pc-230x163.jpg 230w, https:\/\/info-domo.fr\/wp-content\/uploads\/2021\/05\/entretien-pc-350x247.jpg 350w, https:\/\/info-domo.fr\/wp-content\/uploads\/2021\/05\/entretien-pc-480x339.jpg 480w, https:\/\/info-domo.fr\/wp-content\/uploads\/2021\/05\/entretien-pc.jpg 1754w\" sizes=\"(max-width: 1024px) 100vw, 1024px\" \/>\t\t\t\t\t\t\t\t\t\t\t\t\t\t<\/div>\n\t\t\t\t\t\t<\/div>\n\t\t\t\t<\/div>\n\t\t\t\t\t\t<\/div>\n\t\t\t\t\t<\/div>\n\t\t<\/div>\n\t\t\t\t<div class=\"elementor-column elementor-col-50 elementor-top-column elementor-element elementor-element-4349e34\" data-id=\"4349e34\" data-element_type=\"column\">\n\t\t\t<div class=\"elementor-column-wrap elementor-element-populated\">\n\t\t\t\t\t\t\t<div class=\"elementor-widget-wrap\">\n\t\t\t\t\t\t<div class=\"elementor-element elementor-element-882131c elementor-widget elementor-widget-text-editor\" data-id=\"882131c\" data-element_type=\"widget\" data-widget_type=\"text-editor.default\">\n\t\t\t\t<div class=\"elementor-widget-container\">\n\t\t\t\t\t\t\t\t<div class=\"elementor-text-editor elementor-clearfix\">\n\t\t\t\t<p><span style=\"color: #202124; font-family: Roboto, Arial, sans-serif; font-variant-ligatures: none; letter-spacing: 0.1px; text-align: start; white-space: pre-wrap;\">Comme votre voiture, votre ordinateur m\u00e9rite d&rsquo;\u00eatre entretenu par un professionnel afin d&rsquo;\u00e9viter toute panne aux cons\u00e9quences plus catastrophiques.<\/span><br style=\"color: #202124; font-family: Roboto, Arial, sans-serif; font-variant-ligatures: none; letter-spacing: 0.1px; text-align: start; white-space: pre-wrap;\" \/><span style=\"color: #202124; font-family: Roboto, Arial, sans-serif; font-variant-ligatures: none; letter-spacing: 0.1px; text-align: start; white-space: pre-wrap;\">Une r\u00e9vision logicielle et mat\u00e9rielle une fois par an (fr\u00e9quence en fonction de votre activit\u00e9) suffit \u00e0 assurer un fonctionnement optimal et \u00e0 prolonger la dur\u00e9e de vie de votre PC.<\/span><br style=\"color: #202124; font-family: Roboto, Arial, sans-serif; font-variant-ligatures: none; letter-spacing: 0.1px; text-align: start; white-space: pre-wrap;\" \/><span style=\"color: #202124; font-family: Roboto, Arial, sans-serif; font-variant-ligatures: none; letter-spacing: 0.1px; text-align: start; white-space: pre-wrap;\">Mais ceci doit \u00eatre effectu\u00e9 de mani\u00e8re minutieuse par une personne qualifi\u00e9e comme le propose INFODOMO.<\/span><\/p>\t\t\t\t\t<\/div>\n\t\t\t\t\t\t<\/div>\n\t\t\t\t<\/div>\n\t\t\t\t\t\t<\/div>\n\t\t\t\t\t<\/div>\n\t\t<\/div>\n\t\t\t\t\t\t\t\t<\/div>\n\t\t\t\t\t<\/div>\n\t\t<\/section>\n\t\t\t\t<section class=\"elementor-section elementor-top-section elementor-element elementor-element-04210ba elementor-section-stretched elementor-section-boxed elementor-section-height-default elementor-section-height-default\" data-id=\"04210ba\" data-element_type=\"section\" data-settings=\"{&quot;stretch_section&quot;:&quot;section-stretched&quot;}\">\n\t\t\t\t\t\t<div class=\"elementor-container elementor-column-gap-default\">\n\t\t\t\t\t\t\t<div class=\"elementor-row\">\n\t\t\t\t\t<div class=\"elementor-column elementor-col-100 elementor-top-column elementor-element elementor-element-8af7f80\" data-id=\"8af7f80\" data-element_type=\"column\">\n\t\t\t<div class=\"elementor-column-wrap elementor-element-populated\">\n\t\t\t\t\t\t\t<div class=\"elementor-widget-wrap\">\n\t\t\t\t\t\t<div class=\"elementor-element elementor-element-73013df elementor-widget-divider--view-line elementor-widget elementor-widget-divider\" data-id=\"73013df\" data-element_type=\"widget\" data-widget_type=\"divider.default\">\n\t\t\t\t<div class=\"elementor-widget-container\">\n\t\t\t\t\t<div class=\"elementor-divider\">\n\t\t\t<span class=\"elementor-divider-separator\">\n\t\t\t\t\t\t<\/span>\n\t\t<\/div>\n\t\t\t\t<\/div>\n\t\t\t\t<\/div>\n\t\t\t\t\t\t<\/div>\n\t\t\t\t\t<\/div>\n\t\t<\/div>\n\t\t\t\t\t\t\t\t<\/div>\n\t\t\t\t\t<\/div>\n\t\t<\/section>\n\t\t\t\t<section class=\"elementor-section elementor-top-section elementor-element elementor-element-fdad559 elementor-section-stretched elementor-section-boxed elementor-section-height-default elementor-section-height-default\" data-id=\"fdad559\" data-element_type=\"section\" data-settings=\"{&quot;stretch_section&quot;:&quot;section-stretched&quot;}\">\n\t\t\t\t\t\t<div class=\"elementor-container elementor-column-gap-default\">\n\t\t\t\t\t\t\t<div class=\"elementor-row\">\n\t\t\t\t\t<div class=\"elementor-column elementor-col-100 elementor-top-column elementor-element elementor-element-71e8fd1\" data-id=\"71e8fd1\" data-element_type=\"column\">\n\t\t\t<div class=\"elementor-column-wrap elementor-element-populated\">\n\t\t\t\t\t\t\t<div class=\"elementor-widget-wrap\">\n\t\t\t\t\t\t<div class=\"elementor-element elementor-element-2dd6b54 elementor-widget elementor-widget-image\" data-id=\"2dd6b54\" data-element_type=\"widget\" data-widget_type=\"image.default\">\n\t\t\t\t<div class=\"elementor-widget-container\">\n\t\t\t\t\t\t\t\t<div class=\"elementor-image\">\n\t\t\t\t\t\t\t\t\t\t\t\t<img width=\"300\" height=\"178\" src=\"https:\/\/info-domo.fr\/wp-content\/uploads\/2020\/08\/pc-content-300x178.jpg\" class=\"attachment-medium size-medium\" alt=\"\" loading=\"lazy\" srcset=\"https:\/\/info-domo.fr\/wp-content\/uploads\/2020\/08\/pc-content-300x178.jpg 300w, https:\/\/info-domo.fr\/wp-content\/uploads\/2020\/08\/pc-content-230x136.jpg 230w, https:\/\/info-domo.fr\/wp-content\/uploads\/2020\/08\/pc-content-350x207.jpg 350w, https:\/\/info-domo.fr\/wp-content\/uploads\/2020\/08\/pc-content-480x284.jpg 480w, https:\/\/info-domo.fr\/wp-content\/uploads\/2020\/08\/pc-content.jpg 512w\" sizes=\"(max-width: 300px) 100vw, 300px\" \/>\t\t\t\t\t\t\t\t\t\t\t\t\t\t<\/div>\n\t\t\t\t\t\t<\/div>\n\t\t\t\t<\/div>\n\t\t\t\t\t\t<\/div>\n\t\t\t\t\t<\/div>\n\t\t<\/div>\n\t\t\t\t\t\t\t\t<\/div>\n\t\t\t\t\t<\/div>\n\t\t<\/section>\n\t\t\t\t<section class=\"elementor-section elementor-top-section elementor-element elementor-element-d60e660 elementor-section-stretched elementor-section-boxed elementor-section-height-default elementor-section-height-default\" data-id=\"d60e660\" data-element_type=\"section\" data-settings=\"{&quot;stretch_section&quot;:&quot;section-stretched&quot;}\">\n\t\t\t\t\t\t<div class=\"elementor-container elementor-column-gap-default\">\n\t\t\t\t\t\t\t<div class=\"elementor-row\">\n\t\t\t\t\t<div class=\"elementor-column elementor-col-100 elementor-top-column elementor-element elementor-element-27d1edc\" data-id=\"27d1edc\" data-element_type=\"column\">\n\t\t\t<div class=\"elementor-column-wrap elementor-element-populated\">\n\t\t\t\t\t\t\t<div class=\"elementor-widget-wrap\">\n\t\t\t\t\t\t<div class=\"elementor-element elementor-element-88c472f elementor-widget elementor-widget-text-editor\" data-id=\"88c472f\" data-element_type=\"widget\" data-widget_type=\"text-editor.default\">\n\t\t\t\t<div class=\"elementor-widget-container\">\n\t\t\t\t\t\t\t\t<div class=\"elementor-text-editor elementor-clearfix\">\n\t\t\t\t<p><b>INFODOMO est le sp\u00e9cialiste des particuliers, TPE, artisans, commer\u00e7ants et professions lib\u00e9rales.<\/b><\/p>\t\t\t\t\t<\/div>\n\t\t\t\t\t\t<\/div>\n\t\t\t\t<\/div>\n\t\t\t\t\t\t<\/div>\n\t\t\t\t\t<\/div>\n\t\t<\/div>\n\t\t\t\t\t\t\t\t<\/div>\n\t\t\t\t\t<\/div>\n\t\t<\/section>\n\t\t\t\t<section class=\"elementor-section elementor-top-section elementor-element elementor-element-f382733 elementor-section-stretched elementor-section-boxed elementor-section-height-default elementor-section-height-default\" data-id=\"f382733\" data-element_type=\"section\" data-settings=\"{&quot;stretch_section&quot;:&quot;section-stretched&quot;}\">\n\t\t\t\t\t\t<div class=\"elementor-container elementor-column-gap-default\">\n\t\t\t\t\t\t\t<div class=\"elementor-row\">\n\t\t\t\t\t<div class=\"elementor-column elementor-col-100 elementor-top-column elementor-element elementor-element-2624361\" data-id=\"2624361\" data-element_type=\"column\">\n\t\t\t<div class=\"elementor-column-wrap elementor-element-populated\">\n\t\t\t\t\t\t\t<div class=\"elementor-widget-wrap\">\n\t\t\t\t\t\t<div class=\"elementor-element elementor-element-1ee0059 elementor-widget elementor-widget-image\" data-id=\"1ee0059\" data-element_type=\"widget\" data-widget_type=\"image.default\">\n\t\t\t\t<div class=\"elementor-widget-container\">\n\t\t\t\t\t\t\t\t<div class=\"elementor-image\">\n\t\t\t\t\t\t\t\t\t\t\t\t\t<a href=\"https:\/\/info-domo.fr\/index.php\/contact\/\">\n\t\t\t\t\t\t\t<img width=\"346\" height=\"146\" src=\"https:\/\/info-domo.fr\/wp-content\/uploads\/2020\/04\/contactez-nous-removebg-preview.png\" class=\"attachment-large size-large\" alt=\"\" loading=\"lazy\" srcset=\"https:\/\/info-domo.fr\/wp-content\/uploads\/2020\/04\/contactez-nous-removebg-preview.png 346w, https:\/\/info-domo.fr\/wp-content\/uploads\/2020\/04\/contactez-nous-removebg-preview-300x127.png 300w, https:\/\/info-domo.fr\/wp-content\/uploads\/2020\/04\/contactez-nous-removebg-preview-230x97.png 230w\" sizes=\"(max-width: 346px) 100vw, 346px\" \/>\t\t\t\t\t\t\t\t<\/a>\n\t\t\t\t\t\t\t\t\t\t\t\t\t\t<\/div>\n\t\t\t\t\t\t<\/div>\n\t\t\t\t<\/div>\n\t\t\t\t\t\t<\/div>\n\t\t\t\t\t<\/div>\n\t\t<\/div>\n\t\t\t\t\t\t\t\t<\/div>\n\t\t\t\t\t<\/div>\n\t\t<\/section>\n\t\t\t\t\t\t\t\t\t<\/div>\n\t\t\t<\/div>\n\t\t\t\t\t<\/div>\n\t\t","protected":false},"excerpt":{"rendered":"<p>Le mot de S\u00e9bastien BARONNIER, g\u00e9rant d&rsquo;INFODOMO : Entretenez votre ordinateur !! [&hellip;]<\/p>\n","protected":false},"author":1,"featured_media":0,"parent":0,"menu_order":0,"comment_status":"closed","ping_status":"closed","template":"","meta":[],"yoast_head":"<!-- This site is optimized with the Yoast SEO plugin v18.4.1 - https:\/\/yoast.com\/wordpress\/plugins\/seo\/ -->\n<title>\u00c0 propos - INFODOMO<\/title>\n<meta name=\"robots\" content=\"index, follow, max-snippet:-1, max-image-preview:large, max-video-preview:-1\" \/>\n<link rel=\"canonical\" href=\"https:\/\/info-domo.fr\/\" \/>\n<meta property=\"og:locale\" content=\"fr_FR\" \/>\n<meta property=\"og:type\" content=\"article\" \/>\n<meta property=\"og:title\" content=\"\u00c0 propos - INFODOMO\" \/>\n<meta property=\"og:description\" content=\"Le mot de S\u00e9bastien BARONNIER, g\u00e9rant d&rsquo;INFODOMO : Entretenez votre ordinateur !! [&hellip;]\" \/>\n<meta property=\"og:url\" content=\"https:\/\/info-domo.fr\/\" \/>\n<meta property=\"og:site_name\" content=\"INFODOMO\" \/>\n<meta property=\"article:modified_time\" content=\"2021-05-17T14:27:05+00:00\" \/>\n<meta property=\"og:image\" content=\"https:\/\/info-domo.fr\/wp-content\/uploads\/2021\/02\/Seb-te\u0302te-new2_PNG.png\" \/>\n<meta name=\"twitter:card\" content=\"summary_large_image\" \/>\n<meta name=\"twitter:label1\" content=\"Dur\u00e9e de lecture estim\u00e9e\" \/>\n\t<meta name=\"twitter:data1\" content=\"2 minutes\" \/>\n<script type=\"application\/ld+json\" class=\"yoast-schema-graph\">{\"@context\":\"https:\/\/schema.org\",\"@graph\":[{\"@type\":\"WebSite\",\"@id\":\"https:\/\/info-domo.fr\/#website\",\"url\":\"https:\/\/info-domo.fr\/\",\"name\":\"INFODOMO\",\"description\":\"Informatique &amp; Domotique\",\"potentialAction\":[{\"@type\":\"SearchAction\",\"target\":{\"@type\":\"EntryPoint\",\"urlTemplate\":\"https:\/\/info-domo.fr\/?s={search_term_string}\"},\"query-input\":\"required name=search_term_string\"}],\"inLanguage\":\"fr-FR\"},{\"@type\":\"ImageObject\",\"@id\":\"https:\/\/info-domo.fr\/#primaryimage\",\"inLanguage\":\"fr-FR\",\"url\":\"https:\/\/info-domo.fr\/wp-content\/uploads\/2021\/02\/Seb-te\u0302te-new2_PNG.png\",\"contentUrl\":\"https:\/\/info-domo.fr\/wp-content\/uploads\/2021\/02\/Seb-te\u0302te-new2_PNG.png\",\"width\":224,\"height\":225},{\"@type\":\"WebPage\",\"@id\":\"https:\/\/info-domo.fr\/#webpage\",\"url\":\"https:\/\/info-domo.fr\/\",\"name\":\"\u00c0 propos - INFODOMO\",\"isPartOf\":{\"@id\":\"https:\/\/info-domo.fr\/#website\"},\"primaryImageOfPage\":{\"@id\":\"https:\/\/info-domo.fr\/#primaryimage\"},\"datePublished\":\"2020-04-03T09:58:02+00:00\",\"dateModified\":\"2021-05-17T14:27:05+00:00\",\"breadcrumb\":{\"@id\":\"https:\/\/info-domo.fr\/#breadcrumb\"},\"inLanguage\":\"fr-FR\",\"potentialAction\":[{\"@type\":\"ReadAction\",\"target\":[\"https:\/\/info-domo.fr\/\"]}]},{\"@type\":\"BreadcrumbList\",\"@id\":\"https:\/\/info-domo.fr\/#breadcrumb\",\"itemListElement\":[{\"@type\":\"ListItem\",\"position\":1,\"name\":\"Accueil\",\"item\":\"https:\/\/info-domo.fr\/\"},{\"@type\":\"ListItem\",\"position\":2,\"name\":\"\u00c0 propos\"}]}]}<\/script>\n<!-- \/ Yoast SEO plugin. -->","yoast_head_json":{"title":"\u00c0 propos - INFODOMO","robots":{"index":"index","follow":"follow","max-snippet":"max-snippet:-1","max-image-preview":"max-image-preview:large","max-video-preview":"max-video-preview:-1"},"canonical":"https:\/\/info-domo.fr\/","og_locale":"fr_FR","og_type":"article","og_title":"\u00c0 propos - INFODOMO","og_description":"Le mot de S\u00e9bastien BARONNIER, g\u00e9rant d&rsquo;INFODOMO : Entretenez votre ordinateur !! [&hellip;]","og_url":"https:\/\/info-domo.fr\/","og_site_name":"INFODOMO","article_modified_time":"2021-05-17T14:27:05+00:00","og_image":[{"url":"https:\/\/info-domo.fr\/wp-content\/uploads\/2021\/02\/Seb-te\u0302te-new2_PNG.png"}],"twitter_card":"summary_large_image","twitter_misc":{"Dur\u00e9e de lecture estim\u00e9e":"2 minutes"},"schema":{"@context":"https:\/\/schema.org","@graph":[{"@type":"WebSite","@id":"https:\/\/info-domo.fr\/#website","url":"https:\/\/info-domo.fr\/","name":"INFODOMO","description":"Informatique &amp; Domotique","potentialAction":[{"@type":"SearchAction","target":{"@type":"EntryPoint","urlTemplate":"https:\/\/info-domo.fr\/?s={search_term_string}"},"query-input":"required name=search_term_string"}],"inLanguage":"fr-FR"},{"@type":"ImageObject","@id":"https:\/\/info-domo.fr\/#primaryimage","inLanguage":"fr-FR","url":"https:\/\/info-domo.fr\/wp-content\/uploads\/2021\/02\/Seb-te\u0302te-new2_PNG.png","contentUrl":"https:\/\/info-domo.fr\/wp-content\/uploads\/2021\/02\/Seb-te\u0302te-new2_PNG.png","width":224,"height":225},{"@type":"WebPage","@id":"https:\/\/info-domo.fr\/#webpage","url":"https:\/\/info-domo.fr\/","name":"\u00c0 propos - INFODOMO","isPartOf":{"@id":"https:\/\/info-domo.fr\/#website"},"primaryImageOfPage":{"@id":"https:\/\/info-domo.fr\/#primaryimage"},"datePublished":"2020-04-03T09:58:02+00:00","dateModified":"2021-05-17T14:27:05+00:00","breadcrumb":{"@id":"https:\/\/info-domo.fr\/#breadcrumb"},"inLanguage":"fr-FR","potentialAction":[{"@type":"ReadAction","target":["https:\/\/info-domo.fr\/"]}]},{"@type":"BreadcrumbList","@id":"https:\/\/info-domo.fr\/#breadcrumb","itemListElement":[{"@type":"ListItem","position":1,"name":"Accueil","item":"https:\/\/info-domo.fr\/"},{"@type":"ListItem","position":2,"name":"\u00c0 propos"}]}]}},"_links":{"self":[{"href":"https:\/\/info-domo.fr\/index.php\/wp-json\/wp\/v2\/pages\/20"}],"collection":[{"href":"https:\/\/info-domo.fr\/index.php\/wp-json\/wp\/v2\/pages"}],"about":[{"href":"https:\/\/info-domo.fr\/index.php\/wp-json\/wp\/v2\/types\/page"}],"author":[{"embeddable":true,"href":"https:\/\/info-domo.fr\/index.php\/wp-json\/wp\/v2\/users\/1"}],"replies":[{"embeddable":true,"href":"https:\/\/info-domo.fr\/index.php\/wp-json\/wp\/v2\/comments?post=20"}],"version-history":[{"count":26,"href":"https:\/\/info-domo.fr\/index.php\/wp-json\/wp\/v2\/pages\/20\/revisions"}],"predecessor-version":[{"id":204,"href":"https:\/\/info-domo.fr\/index.php\/wp-json\/wp\/v2\/pages\/20\/revisions\/204"}],"wp:attachment":[{"href":"https:\/\/info-domo.fr\/index.php\/wp-json\/wp\/v2\/media?parent=20"}],"curies":[{"name":"wp","href":"https:\/\/api.w.org\/{rel}","templated":true}]}}